{"id":2,"date":"2019-01-29T18:34:25","date_gmt":"2019-01-29T18:34:25","guid":{"rendered":"https:\/\/test.ghinterlogis.com?page_id=2"},"modified":"2021-09-07T11:11:08","modified_gmt":"2021-09-07T16:11:08","slug":"inicio","status":"publish","type":"page","link":"https:\/\/test.ghinterlogis.com\/","title":{"rendered":"Inicio"},"content":{"rendered":"<p>[vc_row type=&#8221;vc_default&#8221; full_width=&#8221;stretch_row_content_no_spaces&#8221; css=&#8221;.vc_custom_1579221177230{margin-top: 0px !important;margin-right: 0px !important;margin-bottom: 0px !important;margin-left: 0px !important;border-top-width: 0px !important;border-right-width: 0px !important;border-bottom-width: 0px !important;border-left-width: 0px !important;padding-top: 0px !important;padding-right: 0px !important;padding-bottom: 0px !important;padding-left: 0px !important;}&#8221;][vc_column][vc_raw_html]JTNDdmlkZW8lMjB3aWR0aCUzRCUyMjEwMCUyNSUyMiUyMGhlaWdodCUzRCUyMiUyMiUyMGNvbnRyb2xzJTIwJTIwcG9zdGVyJTNEJTIyaHR0cHMlM0ElMkYlMkZ0ZXN0LmdoaW50ZXJsb2dpcy5jb20lMkZ3cC1jb250ZW50JTJGdXBsb2FkcyUyRjIwMjAlMkYwMSUyRlNjcmVlbi1TaG90LTIwMjAtMDEtMTYtYXQtNi4yNC41NS1QTS5wbmclMjIlM0UlMEElMjAlMjAlM0Nzb3VyY2UlMjBzcmMlM0QlMjJodHRwcyUzQSUyRiUyRnRlc3QuZ2hpbnRlcmxvZ2lzLmNvbSUyRndwLWNvbnRlbnQlMkZ1cGxvYWRzJTJGMjAyMCUyRjAxJTJGSU5URVJMT0dJU19WaWRlb19XZWIubXA0JTIyJTIwdHlwZSUzRCUyMnZpZGVvJTJGbXA0JTIyJTNFJTBBJTIwJTIwJTNDc291cmNlJTIwc3JjJTNEJTIyaHR0cHMlM0ElMkYlMkZ0ZXN0LmdoaW50ZXJsb2dpcy5jb20lMkZ3cC1jb250ZW50JTJGdXBsb2FkcyUyRjIwMjAlMkYwMSUyRklOVEVSTE9HSVMub2dnJTIyJTIwdHlwZSUzRCUyMnZpZGVvJTJGb2dnJTIyJTNFJTBBJTIwJTIwWW91ciUyMGJyb3dzZXIlMjBkb2VzJTIwbm90JTIwc3VwcG9ydCUyMHRoZSUyMHZpZGVvJTIwdGFnLiUwQSUzQyUyRnZpZGVvJTNF[\/vc_raw_html][\/vc_column][\/vc_row][vc_row type=&#8221;vc_default&#8221; bg_type=&#8221;image&#8221; parallax_style=&#8221;vcpb-default&#8221; css=&#8221;.vc_custom_1575481295380{margin-top: 0px !important;margin-right: 0px !important;margin-bottom: 0px !important;margin-left: 0px !important;border-top-width: 0px !important;border-right-width: 0px !important;border-bottom-width: 0px !important;border-left-width: 0px !important;padding-top: 0px !important;padding-right: 0px !important;padding-bottom: 0px !important;padding-left: 0px !important;}&#8221; el_id=&#8221;nosotros&#8221;][vc_column width=&#8221;1\/2&#8243; css=&#8221;.vc_custom_1575488845708{padding-top: 35px !important;padding-bottom: 35px !important;}&#8221;][vc_empty_space height=&#8221;78px&#8221;][vc_column_text css=&#8221;.vc_custom_1575499054824{margin-left: 20px !important;}&#8221;]<span style=\"color: #000; letter-spacing: 1px; font-family: Raleway; font-size: 25px;\">QUI\u00c9NES SOMOS<\/span>[\/vc_column_text][vc_column_text css=&#8221;.vc_custom_1576095058824{margin-right: 20px !important;margin-left: 20px !important;}&#8221;]<span style=\"color: #000;\">INTERLOGIS es un desarrollador industrial conformado por inversionistas privados con el objetivo de desarrollar parques industriales en todo M\u00e9xico.<\/span><\/p>\n<p><span style=\"color: #000;\"><br \/>\nInici\u00f3 hace 10 a\u00f1os como un negocio familiar y ahora INTERLOGIS ha evolucionado hasta convertirse en un grupo s\u00f3lido, diversificando sus alcances en infraestructura y servicios, prepar\u00e1ndose para recibir empresas nacionales e internacionales de: manufactura, log\u00edstica y almacenaje de combustible, entre otras.<\/span><br \/>\n[\/vc_column_text][vc_empty_space height=&#8221;73px&#8221;][\/vc_column][vc_column width=&#8221;1\/2&#8243; css=&#8221;.vc_custom_1575052640440{margin: 0px !important;border-width: 0px !important;padding: 0px !important;}&#8221;][vc_single_image image=&#8221;79&#8243; img_size=&#8221;full&#8221; alignment=&#8221;center&#8221; css=&#8221;.vc_custom_1575052817474{margin-top: 0px !important;margin-right: 0px !important;margin-bottom: 0px !important;margin-left: 0px !important;border-top-width: 0px !important;border-right-width: 0px !important;border-bottom-width: 0px !important;border-left-width: 0px !important;padding-top: 0px !important;padding-right: 0px !important;padding-bottom: 0px !important;padding-left: 0px !important;}&#8221;][\/vc_column][\/vc_row][vc_row type=&#8221;vc_default&#8221; bg_type=&#8221;bg_color&#8221; css=&#8221;.vc_custom_1575054285108{margin-top: 0px !important;margin-right: 0px !important;margin-bottom: 0px !important;margin-left: 0px !important;border-top-width: 0px !important;border-right-width: 0px !important;border-bottom-width: 0px !important;border-left-width: 0px !important;padding-top: 0px !important;padding-right: 0px !important;padding-bottom: 0px !important;padding-left: 0px !important;background-color: #f9f9f9 !important;}&#8221; bg_color_value=&#8221;#f9f9f9&#8243;][vc_column width=&#8221;1\/6&#8243; css=&#8221;.vc_custom_1575053703398{background-color: #f9f9f9 !important;}&#8221;][\/vc_column][vc_column width=&#8221;2\/3&#8243;][vc_empty_space height=&#8221;60px&#8221;][vc_column_text]<img style=\"display: inline-block; margin-right: 15px;\" src=\"https:\/\/test.ghinterlogis.com\/wp-content\/uploads\/2019\/12\/12.gif\" \/><span style=\"color: #0b27ae; letter-spacing: 1px; font-family: Raleway; font-size: 25px;\">PANORAMA ECON\u00d3MICO Y EL ENTORNO<\/span>.[\/vc_column_text][\/vc_column][vc_column width=&#8221;1\/6&#8243;][\/vc_column][\/vc_row][vc_row type=&#8221;vc_default&#8221; bg_type=&#8221;bg_color&#8221; css=&#8221;.vc_custom_1575054285108{margin-top: 0px !important;margin-right: 0px !important;margin-bottom: 0px !important;margin-left: 0px !important;border-top-width: 0px !important;border-right-width: 0px !important;border-bottom-width: 0px !important;border-left-width: 0px !important;padding-top: 0px !important;padding-right: 0px !important;padding-bottom: 0px !important;padding-left: 0px !important;background-color: #f9f9f9 !important;}&#8221; bg_color_value=&#8221;#f9f9f9&#8243;][vc_column css=&#8221;.vc_custom_1575053703398{background-color: #f9f9f9 !important;}&#8221;][vc_row_inner][vc_column_inner width=&#8221;1\/4&#8243;][vc_single_image image=&#8221;404&#8243; img_size=&#8221;full&#8221; alignment=&#8221;center&#8221;][\/vc_column_inner][vc_column_inner width=&#8221;1\/4&#8243;][vc_single_image image=&#8221;411&#8243; img_size=&#8221;full&#8221; alignment=&#8221;center&#8221;][\/vc_column_inner][vc_column_inner width=&#8221;1\/4&#8243;][vc_single_image image=&#8221;410&#8243; img_size=&#8221;full&#8221; alignment=&#8221;center&#8221;][\/vc_column_inner][vc_column_inner width=&#8221;1\/4&#8243;][vc_single_image image=&#8221;409&#8243; img_size=&#8221;full&#8221; alignment=&#8221;center&#8221;][\/vc_column_inner][\/vc_row_inner][vc_row_inner css=&#8221;.vc_custom_1575567330131{margin-bottom: 0px !important;padding-bottom: 0px !important;}&#8221;][vc_column_inner width=&#8221;1\/4&#8243;][vc_single_image image=&#8221;408&#8243; img_size=&#8221;full&#8221; alignment=&#8221;center&#8221;][\/vc_column_inner][vc_column_inner width=&#8221;1\/4&#8243;][vc_single_image image=&#8221;407&#8243; img_size=&#8221;full&#8221; alignment=&#8221;center&#8221;][\/vc_column_inner][vc_column_inner width=&#8221;1\/4&#8243;][vc_single_image image=&#8221;406&#8243; img_size=&#8221;full&#8221; alignment=&#8221;center&#8221;][\/vc_column_inner][vc_column_inner width=&#8221;1\/4&#8243;][vc_single_image image=&#8221;405&#8243; img_size=&#8221;full&#8221; alignment=&#8221;center&#8221;][vc_column_text css=&#8221;.vc_custom_1576018745655{margin-top: 0px !important;margin-right: 0px !important;margin-bottom: 0px !important;margin-left: 40px !important;padding-top: 0px !important;padding-right: 0px !important;padding-bottom: 0px !important;padding-left: 0px !important;}&#8221;]<\/p>\n<div style=\"margin: 0 auto; width: 250px;\">\n<div style=\"text-align: center; float: left;\"><img loading=\"lazy\" src=\"https:\/\/test.ghinterlogis.comwp-content\/uploads\/2019\/12\/buletnegro.png\" alt=\"\" width=\"15\" height=\"15\" \/><em> M\u00e9xico<\/em><\/div>\n<div style=\"text-align: center; float: left; margin-left: 20px;\"><img loading=\"lazy\" src=\"https:\/\/test.ghinterlogis.comwp-content\/uploads\/2019\/12\/bullet-azul.png\" alt=\"\" width=\"15\" height=\"15\" \/><em> Monterrey<\/em><\/div>\n<\/div>\n<p>[\/vc_column_text][\/vc_column_inner][\/vc_row_inner][vc_empty_space height=&#8221;60px&#8221;][\/vc_column][\/vc_row][vc_row type=&#8221;vc_default&#8221; bg_type=&#8221;image&#8221; parallax_style=&#8221;vcpb-default&#8221; css=&#8221;.vc_custom_1575481719826{margin-top: 0px !important;margin-right: 0px !important;margin-bottom: 0px !important;margin-left: 0px !important;border-top-width: 0px !important;border-right-width: 0px !important;border-bottom-width: 0px !important;border-left-width: 0px !important;padding-top: 0px !important;padding-right: 0px !important;padding-bottom: 0px !important;padding-left: 0px !important;}&#8221; el_id=&#8221;interlogis&#8221;][vc_column width=&#8221;1\/2&#8243; css=&#8221;.vc_custom_1575055617897{margin: 0px !important;border-width: 0px !important;padding: 0px !important;}&#8221;][vc_single_image image=&#8221;79&#8243; img_size=&#8221;full&#8221; alignment=&#8221;center&#8221; css=&#8221;.vc_custom_1575320937910{margin-top: 0px !important;margin-right: 0px !important;margin-bottom: 0px !important;margin-left: 0px !important;border-top-width: 0px !important;border-right-width: 0px !important;border-bottom-width: 0px !important;border-left-width: 0px !important;padding-top: 0px !important;padding-right: 0px !important;padding-bottom: 0px !important;padding-left: 0px !important;}&#8221;][\/vc_column][vc_column width=&#8221;1\/2&#8243; css=&#8221;.vc_custom_1576013242226{margin-top: 0px !important;margin-right: 0px !important;margin-bottom: 0px !important;margin-left: 0px !important;border-top-width: 0px !important;border-right-width: 0px !important;border-bottom-width: 0px !important;border-left-width: 0px !important;padding-top: 0px !important;padding-right: 0px !important;padding-bottom: 0px !important;padding-left: 45px !important;background-color: #ffffff !important;}&#8221;][vc_empty_space height=&#8221;78px&#8221;][vc_column_text css=&#8221;.vc_custom_1575568219555{margin-left: 20px !important;}&#8221;]<\/p>\n<h3><span style=\"color: #ffffff; background-color: #0b27ae; font-family: Raleway; padding: 5px 10px 5px 10px; letter-spacing: 1px;\">EL DESARROLLO<\/span><\/h3>\n<h3><span style=\"color: #ffffff; background-color: #0b27ae; font-family: Raleway; padding: 5px 10px 5px 10px; letter-spacing: 1px;\">INDUSTRIAL OFRECE<\/span><\/h3>\n<p>[\/vc_column_text][vc_column_text css=&#8221;.vc_custom_1582669992035{margin-right: 20px !important;margin-left: 20px !important;}&#8221;]<\/p>\n<div style=\"margin-bottom: 15px;\"><strong><span style=\"margin-right: 10px; font-size: 19px;\">+<\/span><\/strong> <span style=\"margin-bottom: 15px;\">Terrenos industriales y comerciales<\/span><\/div>\n<div style=\"margin-bottom: 15px;\"><strong><span style=\"margin-right: 10px; font-size: 19px;\">+<\/span><\/strong> <span style=\"margin-bottom: 20px;\">Llave en mano<\/span><\/div>\n<div style=\"margin-bottom: 15px;\"><strong><span style=\"margin-right: 10px; font-size: 19px;\">+<\/span><\/strong> <span style=\"margin-bottom: 20px;\">Build to suit<\/span><\/div>\n<div style=\"margin-bottom: 15px;\"><strong><span style=\"margin-right: 10px; font-size: 19px;\">+<\/span><\/strong> <span style=\"margin-bottom: 20px;\">Espuela de ferrocarril y patio de maniobra<\/span><\/div>\n<p>[\/vc_column_text][vc_empty_space height=&#8221;0px&#8221;][\/vc_column][\/vc_row][vc_row type=&#8221;vc_default&#8221; css=&#8221;.vc_custom_1575307387703{margin: 0px !important;border-width: 0px !important;padding: 0px !important;background-color: #f2f2f2 !important;}&#8221;][vc_column][vc_empty_space height=&#8221;20px&#8221;][vc_row_inner][vc_column_inner width=&#8221;1\/6&#8243;][\/vc_column_inner][vc_column_inner width=&#8221;2\/3&#8243;][vc_column_text]<img style=\"display: inline-block; margin-right: 15px;\" src=\"https:\/\/test.ghinterlogis.com\/wp-content\/uploads\/2019\/12\/12.gif\" \/><span style=\"color: #0b27ae; letter-spacing: 1px; font-family: Raleway; font-size: 25px;\">INFRAESTRUCTURA<\/span><\/p>\n<div style=\"margin-left: 33px;\">En Interlogis Monterrey West, contamos<br \/>\ncon los mejores servicios para<br \/>\nel establecimiento de su empresa.<\/div>\n<p>[\/vc_column_text][\/vc_column_inner][vc_column_inner width=&#8221;1\/6&#8243;][\/vc_column_inner][\/vc_row_inner][vc_column_text]<img class=\"aligncenter size-full wp-image-296\" src=\"https:\/\/test.ghinterlogis.comwp-content\/uploads\/2019\/12\/svicios.svg\" alt=\"\" \/>[\/vc_column_text][vc_empty_space height=&#8221;60px&#8221;][\/vc_column][\/vc_row][vc_row type=&#8221;vc_default&#8221; css=&#8221;.vc_custom_1575307424862{margin: 0px !important;border-width: 0px !important;padding: 0px !important;background-color: #f2f2f2 !important;}&#8221;][vc_column width=&#8221;2\/3&#8243;][vc_single_image image=&#8221;423&#8243; img_size=&#8221;full&#8221; alignment=&#8221;center&#8221;][\/vc_column][vc_column width=&#8221;1\/3&#8243;][vc_single_image image=&#8221;389&#8243; img_size=&#8221;full&#8221; alignment=&#8221;center&#8221;][\/vc_column][\/vc_row][vc_row type=&#8221;vc_default&#8221; css=&#8221;.vc_custom_1576174419880{margin-top: 0px !important;margin-right: 0px !important;margin-bottom: px !important;margin-left: 0px !important;border-top-width: 0px !important;border-right-width: 0px !important;border-bottom-width: 0px !important;border-left-width: 0px !important;padding-top: 30px !important;padding-right: 0px !important;padding-bottom: 15px !important;padding-left: 0px !important;background-color: #141618 !important;}&#8221; el_id=&#8221;ubicacion&#8221;][vc_column width=&#8221;1\/3&#8243;][vc_column_text css=&#8221;.vc_custom_1575568257858{margin-left: 20px !important;}&#8221;]<\/p>\n<h3><span style=\"color: #ffffff; background-color: #0b27ae; font-family: Raleway; padding: 5px 10px 5px 10px; letter-spacing: 1px;\">NUESTRA<\/span><\/h3>\n<h3><span style=\"color: #ffffff; background-color: #0b27ae; font-family: Raleway; padding: 5px 10px 5px 10px; letter-spacing: 1px;\">UBICACI\u00d3N<\/span><\/h3>\n<p>[\/vc_column_text][vc_column_text css=&#8221;.vc_custom_1577374060275{margin-left: 20px !important;}&#8221;]<span style=\"color: #ffffff;\">La zona poniente de monterrey cuenta con infraestructura industrial desarrollada. Algunas de las empresas ma\u0301s importantes tienen sus bases aqui\u0301: ALFA, CYDSA, FRISA, NEMAK, Johnson Controls, John Deere, Mercedes Benz, VITRO, entre otras.<\/span><\/p>\n<p><span style=\"color: #ffffff;\">La li\u0301nea ferroviaria Kansas CIty cruza el a\u0301rea, asi\u0301 como el corredor NAFTA. Inter- logis: Monterrey West es el u\u0301nico parque industiral con espuela de ferrocarril en el poniente de la ciudad. Logi\u0301sticamente es la zona ma\u0301s conectada de me\u0301xico.<\/span>[\/vc_column_text][\/vc_column][vc_column width=&#8221;2\/3&#8243;][vc_single_image image=&#8221;434&#8243; img_size=&#8221;full&#8221; alignment=&#8221;center&#8221;][\/vc_column][\/vc_row][vc_row type=&#8221;vc_default&#8221; css=&#8221;.vc_custom_1576021396448{margin-top: 0px !important;margin-right: 0px !important;margin-bottom: 0px !important;margin-left: 0px !important;border-top-width: 0px !important;border-right-width: 0px !important;border-bottom-width: 0px !important;border-left-width: 0px !important;padding-top: 0px !important;padding-right: 0px !important;padding-bottom: 0px !important;padding-left: 0px !important;background-color: #f9f9f9 !important;}&#8221; el_id=&#8221;contacto&#8221;][vc_column][vc_row_inner css=&#8221;.vc_custom_1575324778911{margin-right: 50px !important;margin-left: 50px !important;}&#8221;][vc_column_inner width=&#8221;1\/2&#8243;][vc_empty_space height=&#8221;78px&#8221;][vc_column_text]<img style=\"display: inline-block; margin-right: 15px;\" src=\"https:\/\/test.ghinterlogis.com\/wp-content\/uploads\/2019\/12\/12.gif\" \/><span style=\"color: #0b27ae; letter-spacing: 1px; font-family: Raleway; font-size: 25px;\">CONTACTO<\/span><\/p>\n<div style=\"margin-left: 20px; margin-top: 30px;\">\n<div style=\"color: #232427; font-family: Raleway; font-size: 15px;\">TEL\u00c9FONO<\/div>\n<p><span style=\"color: #0b27ae;\">+52 (81) 2092 1048<\/span><\/p>\n<div style=\"color: #232427; font-family: Raleway; font-size: 15px;\">EMAIL<\/div>\n<p><span style=\"color: #0b27ae;\">contacto@interlogis.com<\/span><\/p>\n<div style=\"color: #232427; font-family: Raleway; font-size: 15px;\">DIRECCI\u00d3N<\/div>\n<p><span style=\"color: #0b27ae;\">Heberto Castillo No. 100<\/span><br \/>\n<span style=\"color: #0b27ae;\">Garc\u00eda, Nuevo Le\u00f3n, Mx.<\/span><br \/>\n<span style=\"color: #0b27ae;\">C.P. 66000<\/span><\/p>\n<div style=\"color: #232427; font-family: Raleway; font-size: 15px;\">&gt; BROCHURE<\/div>\n<div style=\"background-color: #f2f2f2; color: #0b27ae; width: 140px; height: 20px; padding: 3px 3px 3px 3px; line-height: 1.5; border: 2px solid #0b27ae; float: left; font-size: 12px; text-align: center; margin-top: 10px;\"><a style=\"color: #0b27ae; text-decoration: none;\" href=\"whatsapp:\/\/send?text=Visita%20https:\/\/test.ghinterlogis.com\">Env\u00edar por WhatsApp<\/a><\/div>\n<\/div>\n<p>[\/vc_column_text][\/vc_column_inner][vc_column_inner width=&#8221;1\/2&#8243;][vc_empty_space height=&#8221;78px&#8221;][vc_column_text css=&#8221;.vc_custom_1575329217237{margin-top: 0px !important;margin-right: 0px !important;margin-bottom: 10px !important;margin-left: 0px !important;border-top-width: 0px !important;border-right-width: 0px !important;border-bottom-width: 0px !important;border-left-width: 0px !important;padding-top: 0px !important;padding-right: 0px !important;padding-bottom: 0px !important;padding-left: 0px !important;}&#8221;]<\/p>\n<div style=\"color: #232427; font-family: Raleway; font-size: 15px;\">INFORMACI\u00d3N<\/div>\n<p>[\/vc_column_text][dhvc_form id=&#8221;160&#8243;][\/vc_column_inner][\/vc_row_inner][vc_empty_space height=&#8221;60px&#8221;][\/vc_column][\/vc_row][vc_row type=&#8221;vc_default&#8221; full_width=&#8221;stretch_row&#8221; css=&#8221;.vc_custom_1575592077512{background-color: #232427 !important;}&#8221;][vc_column width=&#8221;1\/4&#8243;][vc_single_image image=&#8221;19&#8243; img_size=&#8221;193&#215;60&#8243; alignment=&#8221;center&#8221; css=&#8221;.vc_custom_1576011650898{margin-bottom: 0px !important;border-bottom-width: 0px !important;padding-bottom: 0px !important;}&#8221;][\/vc_column][vc_column width=&#8221;3\/4&#8243;][vc_row_inner][vc_column_inner width=&#8221;1\/2&#8243;][vc_raw_html]JTNDZGl2JTIwc3R5bGUlM0QlMjJ0ZXh0LWFsaWduJTNBY2VudGVyJTNCJTIwbWFyZ2luLXRvcCUzQTIwcHglMjIlM0UlMEElM0NzcGFuJTIwY2xhc3MlM0QlMjJtZW51LWl0ZW0lMjBtZW51LWl0ZW0tdHlwZS1jdXN0b20lMjBtZW51LWl0ZW0tb2JqZWN0LWN1c3RvbSUyMG1lbnUtaXRlbS01MiUyMiUzRSUzQ2ElMjBzdHlsZSUzRCUyMmNvbG9yJTNBd2hpdGUlM0JtYXJnaW4tbGVmdCUzQTE1cHglM0IlMjB0ZXh0LWRlY29yYXRpb24lM0ElMjBub25lJTNCJTIyJTIwaHJlZiUzRCUyMiUyMyUyMSUyRm5vc290cm9zJTIyJTNFTm9zb3Ryb3MlMjAlM0MlMkZhJTNFJTNDJTJGc3BhbiUzRSUyMCUwQSUzQ3NwYW4lMjBjbGFzcyUzRCUyMm1lbnUtaXRlbSUyMG1lbnUtaXRlbS10eXBlLWN1c3RvbSUyMG1lbnUtaXRlbS1vYmplY3QtY3VzdG9tJTIwbWVudS1pdGVtLTUyJTIyJTNFJTNDYSUyMHN0eWxlJTNEJTIyY29sb3IlM0F3aGl0ZSUzQm1hcmdpbi1sZWZ0JTNBMTVweCUzQnRleHQtZGVjb3JhdGlvbiUzQSUyMG5vbmUlM0IlMjIlMjBocmVmJTNEJTIyJTIzJTIxJTJGaW50ZXJsb2dpcyUyMiUzRUludGVybG9naXMlM0MlMkZhJTNFJTNDJTJGc3BhbiUzRSUyMCUwQSUzQ3NwYW4lMjBjbGFzcyUzRCUyMm1lbnUtaXRlbSUyMG1lbnUtaXRlbS10eXBlLWN1c3RvbSUyMG1lbnUtaXRlbS1vYmplY3QtY3VzdG9tJTIwbWVudS1pdGVtLTUyJTIyJTNFJTNDYSUyMHN0eWxlJTNEJTIyY29sb3IlM0F3aGl0ZSUzQm1hcmdpbi1sZWZ0JTNBMTVweCUzQiUyMHRleHQtZGVjb3JhdGlvbiUzQSUyMG5vbmUlM0IlMjIlMjAlMjBocmVmJTNEJTIyJTIzJTIxJTJGdWJpY2FjaW9uJTIyJTIwZGF0YS1sZXZlbCUzRCUyMjElMjIlM0VVYmljYWNpJUMzJUIzbiUyMCUzQyUyRmElM0UlM0MlMkZzcGFuJTNFJTIwJTBBJTNDc3BhbiUyMGNsYXNzJTNEJTIybWVudS1pdGVtJTIwbWVudS1pdGVtLXR5cGUtY3VzdG9tJTIwbWVudS1pdGVtLW9iamVjdC1jdXN0b20lMjBtZW51LWl0ZW0tNTIlMjIlM0UlM0NhJTIwc3R5bGUlM0QlMjJjb2xvciUzQXdoaXRlJTNCbWFyZ2luLWxlZnQlM0ExNXB4JTNCJTIwdGV4dC1kZWNvcmF0aW9uJTNBJTIwbm9uZSUzQiUyMiUyMCUyMGhyZWYlM0QlMjIlMjMlMjElMkZjb250YWN0byUyMiUzRUNvbnRhY3RvJTNDJTJGYSUzRSUzQyUyRnNwYW4lM0UlMjAlMEElMEElM0MlMkZkaXYlM0U=[\/vc_raw_html][\/vc_column_inner][vc_column_inner width=&#8221;1\/2&#8243;][vc_raw_html css=&#8221;.vc_custom_1582671510222{margin-left: 25px !important;}&#8221;]JTNDcCUyMHN0eWxlJTNEJTIybWFyZ2luLXRvcCUzQTIwcHglM0J0ZXh0LWFsaWduJTNBY2VudGVyJTIyJTIyJTNFJTNDaW1nJTIwc3R5bGUlM0QlMjJtYXJnaW4tbGVmdCUzQTEwcHglMjIlMjBzcmMlM0QlMjJodHRwJTNBJTJGJTJGZWxsYS5tYXJrZXRpbmclMkZnaCUyRndwLWNvbnRlbnQlMkZ1cGxvYWRzJTJGMjAxOSUyRjEyJTJGaWNvbm8tZmVpcy5wbmclMjAlMjIlMjBhbHQlM0QlMjJGYWNlYm9vayUyMiUyMGhlaWdodCUzRCUyMjE4JTIyJTIwd2lkdGglM0QlMjIzMCUyMiUzRSUzQyUyRnAlM0U=[\/vc_raw_html][\/vc_column_inner][\/vc_row_inner][\/vc_column][\/vc_row]<\/p>\n","protected":false},"excerpt":{"rendered":"<p>[vc_row type=&#8221;vc_default&#8221; full_width=&#8221;stretch_row_content_no_spaces&#8221; css=&#8221;.vc_custom_1579221177230{margin-top: 0px !important;margin-right: 0px !important;margin-bottom: 0px !important;margin-left: 0px !important;border-top-width: 0px !important;border-right-width: 0px !important;border-bottom-width: 0px !important;border-left-width: 0px !important;padding-top: 0px !important;padding-right: 0px !important;padding-bottom: 0px !important;padding-left: 0px !important;}&#8221;][vc_column][vc_raw_html]JTNDdmlkZW8lMjB3aWR0aCUzRCUyMjEwMCUyNSUyMiUyMGhlaWdodCUzRCUyMiUyMiUyMGNvbnRyb2xzJTIwJTIwcG9zdGVyJTNEJTIyaHR0cHMlM0ElMkYlMkZ0ZXN0LmdoaW50ZXJsb2dpcy5jb20lMkZ3cC1jb250ZW50JTJGdXBsb2FkcyUyRjIwMjAlMkYwMSUyRlNjcmVlbi1TaG90LTIwMjAtMDEtMTYtYXQtNi4yNC41NS1QTS5wbmclMjIlM0UlMEElMjAlMjAlM0Nzb3VyY2UlMjBzcmMlM0QlMjJodHRwcyUzQSUyRiUyRnRlc3QuZ2hpbnRlcmxvZ2lzLmNvbSUyRndwLWNvbnRlbnQlMkZ1cGxvYWRzJTJGMjAyMCUyRjAxJTJGSU5URVJMT0dJU19WaWRlb19XZWIubXA0JTIyJTIwdHlwZSUzRCUyMnZpZGVvJTJGbXA0JTIyJTNFJTBBJTIwJTIwJTNDc291cmNlJTIwc3JjJTNEJTIyaHR0cHMlM0ElMkYlMkZ0ZXN0LmdoaW50ZXJsb2dpcy5jb20lMkZ3cC1jb250ZW50JTJGdXBsb2FkcyUyRjIwMjAlMkYwMSUyRklOVEVSTE9HSVMub2dnJTIyJTIwdHlwZSUzRCUyMnZpZGVvJTJGb2dnJTIyJTNFJTBBJTIwJTIwWW91ciUyMGJyb3dzZXIlMjBkb2VzJTIwbm90JTIwc3VwcG9ydCUyMHRoZSUyMHZpZGVvJTIwdGFnLiUwQSUzQyUyRnZpZGVvJTNF[\/vc_raw_html][\/vc_column][\/vc_row][vc_row type=&#8221;vc_default&#8221; bg_type=&#8221;image&#8221; parallax_style=&#8221;vcpb-default&#8221; css=&#8221;.vc_custom_1575481295380{margin-top: 0px !important;margin-right: 0px !important;margin-bottom: 0px !important;margin-left: 0px !important;border-top-width: 0px !important;border-right-width: 0px !important;border-bottom-width: 0px !important;border-left-width: 0px !important;padding-top: 0px !important;padding-right: 0px !important;padding-bottom: 0px !important;padding-left: 0px&hellip;<\/p>\n","protected":false},"author":1,"featured_media":0,"parent":0,"menu_order":0,"comment_status":"closed","ping_status":"open","template":"","meta":[],"_links":{"self":[{"href":"https:\/\/test.ghinterlogis.com\/index.php\/wp-json\/wp\/v2\/pages\/2"}],"collection":[{"href":"https:\/\/test.ghinterlogis.com\/index.php\/wp-json\/wp\/v2\/pages"}],"about":[{"href":"https:\/\/test.ghinterlogis.com\/index.php\/wp-json\/wp\/v2\/types\/page"}],"author":[{"embeddable":true,"href":"https:\/\/test.ghinterlogis.com\/index.php\/wp-json\/wp\/v2\/users\/1"}],"replies":[{"embeddable":true,"href":"https:\/\/test.ghinterlogis.com\/index.php\/wp-json\/wp\/v2\/comments?post=2"}],"version-history":[{"count":12,"href":"https:\/\/test.ghinterlogis.com\/index.php\/wp-json\/wp\/v2\/pages\/2\/revisions"}],"predecessor-version":[{"id":459,"href":"https:\/\/test.ghinterlogis.com\/index.php\/wp-json\/wp\/v2\/pages\/2\/revisions\/459"}],"wp:attachment":[{"href":"https:\/\/test.ghinterlogis.com\/index.php\/wp-json\/wp\/v2\/media?parent=2"}],"curies":[{"name":"wp","href":"https:\/\/api.w.org\/{rel}","templated":true}]}}